{"id":287,"date":"2024-12-08T16:25:31","date_gmt":"2024-12-08T15:25:31","guid":{"rendered":"https:\/\/krachtenherstel.eu\/?page_id=287"},"modified":"2025-01-25T17:06:23","modified_gmt":"2025-01-25T16:06:23","slug":"algemeen","status":"publish","type":"page","link":"https:\/\/krachtenherstel.eu\/","title":{"rendered":"Algemeen"},"content":{"rendered":"\n<p>Krachtenherstel verleent binnen de provincie Zeeland hulp aan kinderen, jongeren, gezinnen en (jong)volwassenen met psychosociale problematiek. Mijn specialisatie ligt bij de doelgroep in de leeftijd van 12 tot 25 jaar. Mijn motto is niet dat de cli\u00ebnt moet passen in mijn werkwijze maar dat ik mijn werkwijze aanpas aan de cli\u00ebnt. Ik zal dan ook te allen tijde de regie zoveel als mogelijk bij de cli\u00ebnt laten.<\/p>\n\n\n\n<hr class=\"wp-block-separator has-text-color has-alpha-channel-opacity has-background is-style-dots\" style=\"background-color:#546266;color:#546266\"\/>\n\n\n\n<p>\u201cHet kan gebeuren dat je in je ontwikkeling soms vastloopt en keuzes maakt in het leven die niet wenselijk\/handig zijn. Er kunnen dan situaties ontstaan waarin je lijnrecht tegenover anderen in het gezin, je omgeving of zelfs de maatschappij komt te staan. Mijn kracht ligt in het feit dat ik samen met jou wil gaan onderzoeken hoe je kunt herstellen zonder dat je de regie geheel uit handen hoeft te geven\u201d.&nbsp;<\/p>\n\n\n\n<p><\/p>\n","protected":false},"excerpt":{"rendered":"<p>Krachtenherstel verleent binnen de provincie Zeeland hulp aan kinderen, jongeren, gezinnen en (jong)volwassenen met psychosociale problematiek. Mijn specialisatie ligt bij de doelgroep in de leeftijd van 12 tot 25 jaar. Mijn motto is niet dat de cli\u00ebnt moet passen in mijn werkwijze maar dat ik mijn werkwijze aanpas aan de [&hellip;]<\/p>\n","protected":false},"author":1,"featured_media":0,"parent":0,"menu_order":0,"comment_status":"closed","ping_status":"closed","template":"","meta":{"_themeisle_gutenberg_block_has_review":false,"footnotes":""},"class_list":["post-287","page","type-page","status-publish","hentry"],"_links":{"self":[{"href":"https:\/\/krachtenherstel.eu\/index.php\/wp-json\/wp\/v2\/pages\/287","targetHints":{"allow":["GET"]}}],"collection":[{"href":"https:\/\/krachtenherstel.eu\/index.php\/wp-json\/wp\/v2\/pages"}],"about":[{"href":"https:\/\/krachtenherstel.eu\/index.php\/wp-json\/wp\/v2\/types\/page"}],"author":[{"embeddable":true,"href":"https:\/\/krachtenherstel.eu\/index.php\/wp-json\/wp\/v2\/users\/1"}],"replies":[{"embeddable":true,"href":"https:\/\/krachtenherstel.eu\/index.php\/wp-json\/wp\/v2\/comments?post=287"}],"version-history":[{"count":5,"href":"https:\/\/krachtenherstel.eu\/index.php\/wp-json\/wp\/v2\/pages\/287\/revisions"}],"predecessor-version":[{"id":467,"href":"https:\/\/krachtenherstel.eu\/index.php\/wp-json\/wp\/v2\/pages\/287\/revisions\/467"}],"wp:attachment":[{"href":"https:\/\/krachtenherstel.eu\/index.php\/wp-json\/wp\/v2\/media?parent=287"}],"curies":[{"name":"wp","href":"https:\/\/api.w.org\/{rel}","templated":true}]}}